{"id":2764,"date":"2022-11-17T08:45:19","date_gmt":"2022-11-17T06:45:19","guid":{"rendered":"https:\/\/fliwer.selvadigital.dev\/politica-de-privacidad\/"},"modified":"2023-10-10T13:06:26","modified_gmt":"2023-10-10T11:06:26","slug":"politica-de-privacidad","status":"publish","type":"page","link":"https:\/\/fliwer.selvadigital.dev\/es\/politica-de-privacidad\/","title":{"rendered":"Pol\u00edtica de privacidad"},"content":{"rendered":"\t\t<div data-elementor-type=\"wp-page\" data-elementor-id=\"2764\" class=\"elementor elementor-2764 elementor-3\" data-elementor-post-type=\"page\">\n\t\t\t\t<div class=\"elementor-element elementor-element-98d28e4 e-flex e-con-boxed e-con e-parent\" data-id=\"98d28e4\" data-element_type=\"container\" data-settings=\"{&quot;background_background&quot;:&quot;classic&quot;}\">\n\t\t\t\t\t<div class=\"e-con-inner\">\n\t\t\t\t<div class=\"elementor-element elementor-element-01e67b8 elementor-widget elementor-widget-heading\" data-id=\"01e67b8\" data-element_type=\"widget\" data-widget_type=\"heading.default\">\n\t\t\t\t<div class=\"elementor-widget-container\">\n\t\t\t\t\t<h1 class=\"elementor-heading-title elementor-size-default\">Pol\u00edtica de privacidad<\/h1>\t\t\t\t<\/div>\n\t\t\t\t<\/div>\n\t\t\t\t<div class=\"elementor-element elementor-element-a6499d6 elementor-widget elementor-widget-shortcode\" data-id=\"a6499d6\" data-element_type=\"widget\" data-widget_type=\"shortcode.default\">\n\t\t\t\t<div class=\"elementor-widget-container\">\n\t\t\t\t\t\t\t<div class=\"elementor-shortcode\"><nav aria-label=\"breadcrumbs\" class=\"rank-math-breadcrumb\"><p><span class=\"last\">Home<\/span><\/p><\/nav><\/div>\n\t\t\t\t\t\t<\/div>\n\t\t\t\t<\/div>\n\t\t\t\t<div class=\"elementor-element elementor-element-b906bdb elementor-widget__width-initial elementor-widget elementor-widget-text-editor\" data-id=\"b906bdb\" data-element_type=\"widget\" data-widget_type=\"text-editor.default\">\n\t\t\t\t<div class=\"elementor-widget-container\">\n\t\t\t\t\t\t\t\t\t<h2><strong>Pol\u00edtica de privacidad de Inolve Newtech S.L.<\/strong><\/h2>\n<p><strong>1) Garant\u00edas de privacidad<\/strong><\/p>\n<p>Salvaguardar la privacidad de los visitantes de https:\/\/fliwer.com es una tarea importante para nosotros. Por ello, en nuestra pol\u00edtica de privacidad describimos qu\u00e9 informaci\u00f3n recogemos y c\u00f3mo la utilizamos.<\/p>\n<p><strong>2) Consentimiento<\/strong><\/p>\n<p>Al utilizar la informaci\u00f3n y los servicios de https:\/\/fliwer.com, aceptas nuestra pol\u00edtica de privacidad y los t\u00e9rminos y condiciones que hemos incluido en ella.<\/p>\n<p><strong>3) Preguntas<\/strong><\/p>\n<p>Si deseas recibir m\u00e1s informaci\u00f3n, o tienes alguna pregunta sobre la pol\u00edtica de privacidad de Inolve Newtech S.L. y espec\u00edficamente https:\/\/fliwer.com, por favor contacta con nosotros a trav\u00e9s del correo electr\u00f3nico. Nuestra direcci\u00f3n de correo electr\u00f3nico es info@fliwer.com.<\/p>\n<p><strong>4) Control del comportamiento de los visitantes<\/strong><\/p>\n<p>https:\/\/fliwer.com utiliza diversas t\u00e9cnicas para realizar un seguimiento de qui\u00e9n visita el sitio web, c\u00f3mo se comporta este visitante en el sitio web y qu\u00e9 p\u00e1ginas visita. Se trata de una forma de trabajar habitual en los sitios web, ya que proporciona informaci\u00f3n que contribuye a la calidad de la experiencia del usuario. La informaci\u00f3n que registramos a trav\u00e9s de las cookies incluye direcciones IP, tipo de navegador y p\u00e1ginas visitadas.<\/p>\n<p>Tambi\u00e9n controlamos d\u00f3nde visitan el sitio web por primera vez los visitantes y desde qu\u00e9 p\u00e1gina lo abandonan. Mantenemos esta informaci\u00f3n an\u00f3nima y no est\u00e1 vinculada a ninguna otra informaci\u00f3n personal.<\/p>\n<p><strong>5) Uso de cookies<\/strong><\/p>\n<p>https:\/\/fliwer.com coloca cookies en los visitantes. Hacemos esto para recopilar informaci\u00f3n sobre las p\u00e1ginas que los usuarios visitan en nuestro sitio web, para hacer un seguimiento de la frecuencia con la que los visitantes vuelven y para ver qu\u00e9 p\u00e1ginas est\u00e1n funcionando bien en el sitio web. Tambi\u00e9n rastreamos qu\u00e9 informaci\u00f3n comparte el navegador.<\/p>\n<p><strong>6) Deshabilitar las cookies<\/strong><\/p>\n<p>Puedes optar por desactivar las cookies. Para ello, utiliza las opciones de tu navegador. Puedes encontrar m\u00e1s informaci\u00f3n sobre estas posibilidades en la p\u00e1gina web del proveedor de tu navegador.<\/p>\n<p><strong>7) Cookies de terceros<\/strong><\/p>\n<p>Es posible que terceros, como Google, se anuncien en nuestro sitio web o que nosotros utilicemos otro servicio. Con este fin, estos terceros colocan cookies en algunos casos. Estas cookies no pueden ser influenciadas por https:\/\/fliwer.com. <\/p>\n\t\t\t\t\t\t\t\t<\/div>\n\t\t\t\t<\/div>\n\t\t\t\t\t<\/div>\n\t\t\t\t<\/div>\n\t\t\t\t<\/div>\n\t\t","protected":false},"excerpt":{"rendered":"<p>Pol\u00edtica de privacidad Pol\u00edtica de privacidad de Inolve Newtech S.L. 1) Garant\u00edas de privacidad Salvaguardar la privacidad de los visitantes de https:\/\/fliwer.com es una tarea importante para nosotros. Por ello, en nuestra pol\u00edtica de privacidad describimos qu\u00e9 informaci\u00f3n recogemos y c\u00f3mo la utilizamos. 2) Consentimiento Al utilizar la informaci\u00f3n y los servicios de https:\/\/fliwer.com, aceptas [&hellip;]<\/p>\n","protected":false},"author":2,"featured_media":0,"parent":0,"menu_order":0,"comment_status":"closed","ping_status":"closed","template":"elementor_header_footer","meta":{"_acf_changed":false,"footnotes":""},"class_list":["post-2764","page","type-page","status-publish","hentry"],"acf":[],"_links":{"self":[{"href":"https:\/\/fliwer.selvadigital.dev\/es\/wp-json\/wp\/v2\/pages\/2764","targetHints":{"allow":["GET"]}}],"collection":[{"href":"https:\/\/fliwer.selvadigital.dev\/es\/wp-json\/wp\/v2\/pages"}],"about":[{"href":"https:\/\/fliwer.selvadigital.dev\/es\/wp-json\/wp\/v2\/types\/page"}],"author":[{"embeddable":true,"href":"https:\/\/fliwer.selvadigital.dev\/es\/wp-json\/wp\/v2\/users\/2"}],"replies":[{"embeddable":true,"href":"https:\/\/fliwer.selvadigital.dev\/es\/wp-json\/wp\/v2\/comments?post=2764"}],"version-history":[{"count":0,"href":"https:\/\/fliwer.selvadigital.dev\/es\/wp-json\/wp\/v2\/pages\/2764\/revisions"}],"wp:attachment":[{"href":"https:\/\/fliwer.selvadigital.dev\/es\/wp-json\/wp\/v2\/media?parent=2764"}],"curies":[{"name":"wp","href":"https:\/\/api.w.org\/{rel}","templated":true}]}}