{"id":2767,"date":"2023-10-10T09:14:56","date_gmt":"2023-10-10T07:14:56","guid":{"rendered":"https:\/\/fliwer.selvadigital.dev\/cookies\/"},"modified":"2023-10-10T13:07:40","modified_gmt":"2023-10-10T11:07:40","slug":"cookies","status":"publish","type":"page","link":"https:\/\/fliwer.selvadigital.dev\/es\/cookies\/","title":{"rendered":"Cookies"},"content":{"rendered":"\t\t<div data-elementor-type=\"wp-page\" data-elementor-id=\"2767\" class=\"elementor elementor-2767 elementor-2575\" data-elementor-post-type=\"page\">\n\t\t\t\t<div class=\"elementor-element elementor-element-05f8300 e-flex e-con-boxed e-con e-parent\" data-id=\"05f8300\" data-element_type=\"container\" data-settings=\"{&quot;background_background&quot;:&quot;classic&quot;}\">\n\t\t\t\t\t<div class=\"e-con-inner\">\n\t\t\t\t<div class=\"elementor-element elementor-element-3afef77 elementor-widget elementor-widget-heading\" data-id=\"3afef77\" data-element_type=\"widget\" data-widget_type=\"heading.default\">\n\t\t\t\t<div class=\"elementor-widget-container\">\n\t\t\t\t\t<h1 class=\"elementor-heading-title elementor-size-default\">Cookies<\/h1>\t\t\t\t<\/div>\n\t\t\t\t<\/div>\n\t\t\t\t<div class=\"elementor-element elementor-element-ccb3471 elementor-widget elementor-widget-shortcode\" data-id=\"ccb3471\" data-element_type=\"widget\" data-widget_type=\"shortcode.default\">\n\t\t\t\t<div class=\"elementor-widget-container\">\n\t\t\t\t\t\t\t<div class=\"elementor-shortcode\"><nav aria-label=\"breadcrumbs\" class=\"rank-math-breadcrumb\"><p><span class=\"last\">Home<\/span><\/p><\/nav><\/div>\n\t\t\t\t\t\t<\/div>\n\t\t\t\t<\/div>\n\t\t\t\t<div class=\"elementor-element elementor-element-84bdd29 elementor-widget__width-initial elementor-widget elementor-widget-text-editor\" data-id=\"84bdd29\" data-element_type=\"widget\" data-widget_type=\"text-editor.default\">\n\t\t\t\t<div class=\"elementor-widget-container\">\n\t\t\t\t\t\t\t\t\t<h3><b>Uso de cookies<\/b><\/h3>\n<p>https:\/\/fliwer.com coloca cookies en los visitantes. Hacemos esto para recopilar informaci\u00f3n sobre las p\u00e1ginas que los usuarios visitan en nuestro sitio web, para hacer un seguimiento de la frecuencia con la que los visitantes vuelven y para ver qu\u00e9 p\u00e1ginas est\u00e1n funcionando bien en el sitio web. Tambi\u00e9n hacemos un seguimiento de la informaci\u00f3n que comparte el navegador.<\/p>\n<p><b>Deshabilitar cookies<\/b><\/p>\n<p>Puedes optar por desactivar las cookies. Puedes hacerlo utilizando las posibilidades de tu navegador. Puedes encontrar m\u00e1s informaci\u00f3n sobre estas posibilidades en la p\u00e1gina web del proveedor de tu navegador.<\/p>\n<p><b>Cookies de terceros<\/b><\/p>\n<p>Es posible que terceros, como Google, se anuncien en nuestro sitio web o que nosotros utilicemos otro servicio. Con este fin, estos terceros colocan cookies en algunos casos. Estas cookies no pueden ser influenciadas por https:\/\/fliwer.com.<\/p>\n\t\t\t\t\t\t\t\t<\/div>\n\t\t\t\t<\/div>\n\t\t\t\t\t<\/div>\n\t\t\t\t<\/div>\n\t\t\t\t<\/div>\n\t\t","protected":false},"excerpt":{"rendered":"<p>Cookies Uso de cookies https:\/\/fliwer.com coloca cookies en los visitantes. Hacemos esto para recopilar informaci\u00f3n sobre las p\u00e1ginas que los usuarios visitan en nuestro sitio web, para hacer un seguimiento de la frecuencia con la que los visitantes vuelven y para ver qu\u00e9 p\u00e1ginas est\u00e1n funcionando bien en el sitio web. Tambi\u00e9n hacemos un seguimiento [&hellip;]<\/p>\n","protected":false},"author":2,"featured_media":0,"parent":0,"menu_order":0,"comment_status":"closed","ping_status":"closed","template":"elementor_header_footer","meta":{"_acf_changed":false,"footnotes":""},"class_list":["post-2767","page","type-page","status-publish","hentry"],"acf":[],"_links":{"self":[{"href":"https:\/\/fliwer.selvadigital.dev\/es\/wp-json\/wp\/v2\/pages\/2767","targetHints":{"allow":["GET"]}}],"collection":[{"href":"https:\/\/fliwer.selvadigital.dev\/es\/wp-json\/wp\/v2\/pages"}],"about":[{"href":"https:\/\/fliwer.selvadigital.dev\/es\/wp-json\/wp\/v2\/types\/page"}],"author":[{"embeddable":true,"href":"https:\/\/fliwer.selvadigital.dev\/es\/wp-json\/wp\/v2\/users\/2"}],"replies":[{"embeddable":true,"href":"https:\/\/fliwer.selvadigital.dev\/es\/wp-json\/wp\/v2\/comments?post=2767"}],"version-history":[{"count":0,"href":"https:\/\/fliwer.selvadigital.dev\/es\/wp-json\/wp\/v2\/pages\/2767\/revisions"}],"wp:attachment":[{"href":"https:\/\/fliwer.selvadigital.dev\/es\/wp-json\/wp\/v2\/media?parent=2767"}],"curies":[{"name":"wp","href":"https:\/\/api.w.org\/{rel}","templated":true}]}}